{"id":282,"date":"2014-05-30T20:59:20","date_gmt":"2014-05-30T19:59:20","guid":{"rendered":"http:\/\/www.ginglinger-jean.com\/blog\/?page_id=282"},"modified":"2015-05-31T21:37:02","modified_gmt":"2015-05-31T20:37:02","slug":"vins-libres","status":"publish","type":"page","link":"https:\/\/www.ginglinger-jean.com\/blog\/nous-decouvrir\/vins-libres\/","title":{"rendered":"Vins Libres (Naturels)"},"content":{"rendered":"<div id=\"pl-282\"  class=\"panel-layout\" ><div id=\"pg-282-0\"  class=\"panel-grid panel-no-style\" ><div id=\"pgc-282-0-0\"  class=\"panel-grid-cell\" ><div id=\"panel-282-0-0-0\" class=\"so-panel widget widget_black-studio-tinymce widget_black_studio_tinymce panel-first-child panel-last-child\" data-index=\"0\" ><div class=\"textwidget\"><p style=\"text-align: center;\" align=\"justify\"><em style=\"color: #000000;\">\u00abLe vin, il faut lui donner le temps. Il faut prendre le temps des fermentations, le temps de l\u2019\u00e9levage \u2026\u00bb<\/em><\/p>\n<h3 style=\"color: #cc0000; text-align: justify;\">Le Vin Naturel<\/h3>\n<p style=\"color: #666666; text-align: justify;\">Le \u00a0<a title=\"Engagement vins naturels\" href=\"http:\/\/www.lesvinsnaturels.org\/post\/2013\/04\/24\/Engagement\" target=\"_blank\"><b>vin naturel<\/b>\u00a0<\/a>ou vin nature est le r\u00e9sultat d'un choix philosophique visant \u00e0 retrouver l'expression naturelle du terroir. Il est issu de raisins travaill\u00e9s en\u00a0<b>Agriculture Biologique<\/b>, sans d\u00e9sherbants, pesticides, engrais ou autres produits de synth\u00e8se. Les\u00a0<b>vendanges sont manuelles<\/b>\u00a0et lors de la\u00a0<b>vinification<\/b>\u00a0le vigneron s'efforce de garder le caract\u00e8re vivant du vin. Les interventions techniques pouvant alt\u00e9rer la vie bact\u00e9rienne du vin sont proscrites, ainsi que tout ajout de produit chimique, \u00e0 l'exception, si besoin, de sulfites en tr\u00e8s faible quantit\u00e9. Les\u00a0<b>doses maximales de SO\u00b2 total\u00a0<\/b>tol\u00e9r\u00e9es sont de 30 mg\/l pour les rouges, 40 mg\/l pour les blancs.<\/p>\n<h3 style=\"color: #cc0000; text-align: center;\"><a href=\"http:\/\/www.ginglinger-jean.com\/blog\/wp-content\/uploads\/2014\/12\/LRLB-Alsace-JFG112014.jpg\"><img loading=\"lazy\" decoding=\"async\" class=\"aligncenter wp-image-553 size-large\" src=\"http:\/\/www.ginglinger-jean.com\/blog\/wp-content\/uploads\/2014\/12\/LRLB-Alsace-JFG112014-1024x713.jpg\" alt=\"LRLB-Alsace-JFG112014\" width=\"500\" height=\"348\" srcset=\"https:\/\/www.ginglinger-jean.com\/blog\/wp-content\/uploads\/2014\/12\/LRLB-Alsace-JFG112014-1024x713.jpg 1024w, https:\/\/www.ginglinger-jean.com\/blog\/wp-content\/uploads\/2014\/12\/LRLB-Alsace-JFG112014-300x209.jpg 300w, https:\/\/www.ginglinger-jean.com\/blog\/wp-content\/uploads\/2014\/12\/LRLB-Alsace-JFG112014-600x418.jpg 600w, https:\/\/www.ginglinger-jean.com\/blog\/wp-content\/uploads\/2014\/12\/LRLB-Alsace-JFG112014.jpg 1370w\" sizes=\"auto, (max-width: 500px) 100vw, 500px\" \/><\/a><\/h3>\n<p style=\"text-align: center;\"><span style=\"color: #993300;\"><em><strong>Jean-Fran\u00e7ois GINGLINGER<\/strong> -\u00a0<\/em><\/span><span style=\"color: #800000;\"><em>Artisan Vigneron<\/em><\/span><\/p>\n<p style=\"text-align: center;\"><img loading=\"lazy\" decoding=\"async\" src=\"http:\/\/www.ginglinger-jean.com\/images\/vigne.gif\" alt=\"\" width=\"104\" height=\"31\" \/><img loading=\"lazy\" decoding=\"async\" src=\"http:\/\/www.ginglinger-jean.com\/images\/vigne.gif\" alt=\"\" width=\"104\" height=\"31\" \/><img loading=\"lazy\" decoding=\"async\" src=\"http:\/\/www.ginglinger-jean.com\/images\/vigne.gif\" alt=\"\" width=\"104\" height=\"31\" \/><\/p>\n<h3 style=\"color: #cc0000; text-align: center;\">Produits et pratiques autoris\u00e9s selon le type de\u00a0vinification.<\/h3>\n<p align=\"justify\"><span style=\"font-family: Arial;\"><strong><a href=\"http:\/\/www.ginglinger-jean.com\/blog\/wp-content\/uploads\/2014\/12\/Affiche_definitive_5_bouteilles_2.jpg\"><img loading=\"lazy\" decoding=\"async\" class=\"aligncenter wp-image-552 size-large\" src=\"http:\/\/www.ginglinger-jean.com\/blog\/wp-content\/uploads\/2014\/12\/Affiche_definitive_5_bouteilles_2-1024x786.jpg\" alt=\"Affiche_definitive_5_bouteilles_2\" width=\"500\" height=\"384\" srcset=\"https:\/\/www.ginglinger-jean.com\/blog\/wp-content\/uploads\/2014\/12\/Affiche_definitive_5_bouteilles_2-1024x786.jpg 1024w, https:\/\/www.ginglinger-jean.com\/blog\/wp-content\/uploads\/2014\/12\/Affiche_definitive_5_bouteilles_2-300x230.jpg 300w, https:\/\/www.ginglinger-jean.com\/blog\/wp-content\/uploads\/2014\/12\/Affiche_definitive_5_bouteilles_2-600x461.jpg 600w\" sizes=\"auto, (max-width: 500px) 100vw, 500px\" \/><\/a><br \/><\/strong><\/span><\/p>\n<p align=\"center\"><img loading=\"lazy\" decoding=\"async\" src=\"http:\/\/www.ginglinger-jean.com\/images\/vigne.gif\" alt=\"\" width=\"104\" height=\"31\" \/><img loading=\"lazy\" decoding=\"async\" class=\"alignnone\" src=\"http:\/\/www.ginglinger-jean.com\/images\/vigne.gif\" alt=\"\" width=\"104\" height=\"31\" \/><img loading=\"lazy\" decoding=\"async\" src=\"http:\/\/www.ginglinger-jean.com\/images\/vigne.gif\" alt=\"\" width=\"104\" height=\"31\" \/><img loading=\"lazy\" decoding=\"async\" src=\"http:\/\/www.ginglinger-jean.com\/images\/vigne.gif\" alt=\"\" width=\"104\" height=\"31\" \/><\/p>\n<p align=\"center\"><a href=\"http:\/\/www.ginglinger-jean.com\/blog\/vins-natures\/\">Pour d\u00e9couvrir plus amplement les vins naturels ...<\/a><\/p>\n<hr \/>\n<p align=\"center\">\u00a0<\/p>\n<\/div><\/div><\/div><\/div><div id=\"pg-282-1\"  class=\"panel-grid panel-no-style\" ><div id=\"pgc-282-1-0\"  class=\"panel-grid-cell\" ><div id=\"panel-282-1-0-0\" class=\"so-panel widget widget_black-studio-tinymce widget_black_studio_tinymce panel-first-child panel-last-child\" data-index=\"1\" ><div class=\"textwidget\"><p style=\"text-align: center;\" align=\"justify\"><strong><img loading=\"lazy\" decoding=\"async\" class=\"aligncenter\" src=\"http:\/\/www.ginglinger-jean.com\/images\/ecocert.gif\" alt=\"\" width=\"85\" height=\"62\" \/><\/strong><\/p>\n<p align=\"center\"><a title=\"Ecocert Licence\" href=\"http:\/\/www.ecocert.fr\/sites\/www.ecocert.fr\/files\/FDSVinif.pdf\" target=\"_blank\">Licence ECOCERT<\/a><\/p>\n<p align=\"center\"><span style=\"color: #004000; font-family: Arial;\"><small><small><em><strong>F. 32600 L'ISLE en JOURDAIN<\/strong><\/em><\/small><\/small><\/span><\/p>\n<\/div><\/div><\/div><div id=\"pgc-282-1-1\"  class=\"panel-grid-cell\" ><div id=\"panel-282-1-1-0\" class=\"so-panel widget widget_sow-slider panel-first-child panel-last-child\" data-index=\"2\" ><div\n\t\t\t\n\t\t\tclass=\"so-widget-sow-slider so-widget-sow-slider-default-922ff80a7632-282\"\n\t\t\t\n\t\t>\t\t\t\t<div class=\"sow-slider-base\" style=\"display: none\" tabindex=\"0\">\n\t\t\t\t\t<ul\n\t\t\t\t\tclass=\"sow-slider-images\"\n\t\t\t\t\tdata-settings=\"{&quot;pagination&quot;:true,&quot;speed&quot;:800,&quot;timeout&quot;:8000,&quot;paused&quot;:false,&quot;pause_on_hover&quot;:false,&quot;swipe&quot;:true,&quot;nav_always_show_desktop&quot;:&quot;&quot;,&quot;nav_always_show_mobile&quot;:&quot;&quot;,&quot;breakpoint&quot;:&quot;780px&quot;,&quot;unmute&quot;:false,&quot;anchor&quot;:null}\"\n\t\t\t\t\t\t\t\t\t\tdata-anchor-id=\"\"\n\t\t\t\t>\t\t<li class=\"sow-slider-image  sow-slider-image-cover\" style=\"visibility: visible;;background-image: url(https:\/\/www.ginglinger-jean.com\/blog\/wp-content\/uploads\/2014\/05\/logoab-fr_europe-340p.jpg)\" >\n\t\t\t\t\t\t<div class=\"sow-slider-image-container\">\n\t\t\t\t<div class=\"sow-slider-image-wrapper\" style=\"max-width: 1600px\">\n\t\t\t\t\t\t\t\t\t\t<div class=\"sow-slider-image-foreground-wrapper\">\n\t\t\t\t\t\t<img loading=\"lazy\" decoding=\"async\" width=\"1600\" height=\"1062\" src=\"https:\/\/www.ginglinger-jean.com\/blog\/wp-content\/uploads\/2014\/11\/DANS-LES-VIGNES-2012.jpg\" class=\"sow-slider-foreground-image\" alt=\"\" style=\"\" srcset=\"https:\/\/www.ginglinger-jean.com\/blog\/wp-content\/uploads\/2014\/11\/DANS-LES-VIGNES-2012.jpg 1600w, https:\/\/www.ginglinger-jean.com\/blog\/wp-content\/uploads\/2014\/11\/DANS-LES-VIGNES-2012-300x199.jpg 300w, https:\/\/www.ginglinger-jean.com\/blog\/wp-content\/uploads\/2014\/11\/DANS-LES-VIGNES-2012-1024x679.jpg 1024w, https:\/\/www.ginglinger-jean.com\/blog\/wp-content\/uploads\/2014\/11\/DANS-LES-VIGNES-2012-600x398.jpg 600w, https:\/\/www.ginglinger-jean.com\/blog\/wp-content\/uploads\/2014\/11\/DANS-LES-VIGNES-2012-120x80.jpg 120w\" sizes=\"auto, (max-width: 1600px) 100vw, 1600px\" \/>\t\t\t\t\t<\/div>\n\t\t\t\t\t\t\t\t\t<\/div>\n\t\t\t<\/div>\n\t\t\t\t\t<\/li>\n\t\t\t\t<li class=\"sow-slider-image  sow-slider-image-cover\" style=\"visibility: hidden;\" data-background=\"url(https:\/\/www.ginglinger-jean.com\/blog\/wp-content\/uploads\/2014\/05\/fond_EARL2014_1380_980.jpg)\" >\n\t\t\t\t\t\t<div class=\"sow-slider-image-container\">\n\t\t\t\t<div class=\"sow-slider-image-wrapper\" style=\"max-width: 1936px\">\n\t\t\t\t\t\t\t\t\t\t<div class=\"sow-slider-image-foreground-wrapper\">\n\t\t\t\t\t\t<img loading=\"lazy\" decoding=\"async\" width=\"1936\" height=\"2592\" src=\"https:\/\/www.ginglinger-jean.com\/blog\/wp-content\/uploads\/2014\/08\/IMG_0922.jpg\" class=\"sow-slider-foreground-image\" alt=\"\" style=\"\" srcset=\"https:\/\/www.ginglinger-jean.com\/blog\/wp-content\/uploads\/2014\/08\/IMG_0922.jpg 1936w, https:\/\/www.ginglinger-jean.com\/blog\/wp-content\/uploads\/2014\/08\/IMG_0922-224x300.jpg 224w, https:\/\/www.ginglinger-jean.com\/blog\/wp-content\/uploads\/2014\/08\/IMG_0922-764x1024.jpg 764w, https:\/\/www.ginglinger-jean.com\/blog\/wp-content\/uploads\/2014\/08\/IMG_0922-600x803.jpg 600w\" sizes=\"auto, (max-width: 1936px) 100vw, 1936px\" \/>\t\t\t\t\t<\/div>\n\t\t\t\t\t\t\t\t\t<\/div>\n\t\t\t<\/div>\n\t\t\t\t\t<\/li>\n\t\t\t\t<li class=\"sow-slider-image\" style=\"visibility: hidden;\" >\n\t\t\t\t\t\t\t\t<\/li>\n\t\t<\/ul>\t\t\t\t<ol class=\"sow-slider-pagination\">\n\t\t\t\t\t\t\t\t\t\t\t<li><a href=\"#\" data-goto=\"0\" aria-label=\"Display slide 1\"><\/a><\/li>\n\t\t\t\t\t\t\t\t\t\t\t<li><a href=\"#\" data-goto=\"1\" aria-label=\"Display slide 2\"><\/a><\/li>\n\t\t\t\t\t\t\t\t\t\t\t<li><a href=\"#\" data-goto=\"2\" aria-label=\"Display slide 3\"><\/a><\/li>\n\t\t\t\t\t\t\t\t\t<\/ol>\n\n\t\t\t\t<div class=\"sow-slide-nav sow-slide-nav-next\">\n\t\t\t\t\t<a href=\"#\" data-goto=\"next\" aria-label=\"Next slide\" data-action=\"next\">\n\t\t\t\t\t\t<em class=\"sow-sld-icon-ultra-thin-rounded-right\"><\/em>\n\t\t\t\t\t<\/a>\n\t\t\t\t<\/div>\n\n\t\t\t\t<div class=\"sow-slide-nav sow-slide-nav-prev\">\n\t\t\t\t\t<a href=\"#\" data-goto=\"previous\" aria-label=\"Previous slide\" data-action=\"prev\">\n\t\t\t\t\t\t<em class=\"sow-sld-icon-ultra-thin-rounded-left\"><\/em>\n\t\t\t\t\t<\/a>\n\t\t\t\t<\/div>\n\t\t\t\t<\/div><\/div><\/div><\/div><div id=\"pgc-282-1-2\"  class=\"panel-grid-cell\" ><div id=\"panel-282-1-2-0\" class=\"so-panel widget widget_sow-image panel-first-child panel-last-child\" data-index=\"3\" ><div\n\t\t\t\n\t\t\tclass=\"so-widget-sow-image so-widget-sow-image-default-6ec9e3772f75-282\"\n\t\t\t\n\t\t>\n<div class=\"sow-image-container\">\n\t\t<img \n\tsrc=\"https:\/\/www.ginglinger-jean.com\/blog\/wp-content\/uploads\/2014\/12\/jinglin-taille.jpg\" width=\"584\" height=\"480\" srcset=\"https:\/\/www.ginglinger-jean.com\/blog\/wp-content\/uploads\/2014\/12\/jinglin-taille.jpg 584w, https:\/\/www.ginglinger-jean.com\/blog\/wp-content\/uploads\/2014\/12\/jinglin-taille-300x247.jpg 300w\" sizes=\"(max-width: 584px) 100vw, 584px\" title=\"jinglin taille\" alt=\"\" \t\tclass=\"so-widget-image\"\/>\n\t<\/div>\n\n<\/div><\/div><\/div><\/div><div id=\"pg-282-2\"  class=\"panel-grid panel-no-style\" ><div id=\"pgc-282-2-0\"  class=\"panel-grid-cell\" ><div id=\"panel-282-2-0-0\" class=\"so-panel widget widget_black-studio-tinymce widget_black_studio_tinymce panel-first-child panel-last-child\" data-index=\"4\" ><div class=\"textwidget\"><h4 style=\"text-align: center;\"><img loading=\"lazy\" decoding=\"async\" class=\"aligncenter wp-image-10 size-full\" title=\"domaineginglingerjean\" src=\"http:\/\/www.ginglinger-jean.com\/blog\/wp-content\/uploads\/2009\/03\/domaineginglingerjean.gif\" alt=\"domaineginglingerjean\" width=\"399\" height=\"34\" srcset=\"https:\/\/www.ginglinger-jean.com\/blog\/wp-content\/uploads\/2009\/03\/domaineginglingerjean.gif 399w, https:\/\/www.ginglinger-jean.com\/blog\/wp-content\/uploads\/2009\/03\/domaineginglingerjean-300x25.gif 300w\" sizes=\"auto, (max-width: 399px) 100vw, 399px\" \/><\/h4>\n<p style=\"text-align: center;\"><span style=\"color: #800000;\">[\u00a0<\/span><strong style=\"color: #ff9933;\"><em>L\u2019abus d\u2019alcool est dangereux pour la sant\u00e9, consommez avec mod\u00e9ration.<\/em><\/strong>\u00a0]<\/p>\n<\/div><\/div><\/div><\/div><\/div>","protected":false},"excerpt":{"rendered":"<p>\u00abLe vin, il faut lui donner le temps. Il faut prendre le temps des fermentations, le temps de l\u2019\u00e9levage \u2026\u00bbLe Vin NaturelLe \u00a0vin naturel\u00a0ou vin nature est le r\u00e9sultat d&rsquo;un choix philosophique visant \u00e0 retrouver l&rsquo;expression naturelle du terroir. Il est issu de raisins travaill\u00e9s en\u00a0Agriculture Biologique, sans d\u00e9sherbants, pesticides, engrais ou autres produits de [&hellip;]<\/p>\n","protected":false},"author":16,"featured_media":0,"parent":111,"menu_order":0,"comment_status":"closed","ping_status":"closed","template":"","meta":{"footnotes":""},"class_list":["post-282","page","type-page","status-publish","hentry"],"_links":{"self":[{"href":"https:\/\/www.ginglinger-jean.com\/blog\/wp-json\/wp\/v2\/pages\/282","targetHints":{"allow":["GET"]}}],"collection":[{"href":"https:\/\/www.ginglinger-jean.com\/blog\/wp-json\/wp\/v2\/pages"}],"about":[{"href":"https:\/\/www.ginglinger-jean.com\/blog\/wp-json\/wp\/v2\/types\/page"}],"author":[{"embeddable":true,"href":"https:\/\/www.ginglinger-jean.com\/blog\/wp-json\/wp\/v2\/users\/16"}],"replies":[{"embeddable":true,"href":"https:\/\/www.ginglinger-jean.com\/blog\/wp-json\/wp\/v2\/comments?post=282"}],"version-history":[{"count":18,"href":"https:\/\/www.ginglinger-jean.com\/blog\/wp-json\/wp\/v2\/pages\/282\/revisions"}],"predecessor-version":[{"id":721,"href":"https:\/\/www.ginglinger-jean.com\/blog\/wp-json\/wp\/v2\/pages\/282\/revisions\/721"}],"up":[{"embeddable":true,"href":"https:\/\/www.ginglinger-jean.com\/blog\/wp-json\/wp\/v2\/pages\/111"}],"wp:attachment":[{"href":"https:\/\/www.ginglinger-jean.com\/blog\/wp-json\/wp\/v2\/media?parent=282"}],"curies":[{"name":"wp","href":"https:\/\/api.w.org\/{rel}","templated":true}]}}