{"id":252,"date":"2014-05-25T15:14:16","date_gmt":"2014-05-25T14:14:16","guid":{"rendered":"http:\/\/www.ginglinger-jean.com\/blog\/?page_id=252"},"modified":"2025-06-14T13:54:07","modified_gmt":"2025-06-14T12:54:07","slug":"biodynamie","status":"publish","type":"page","link":"https:\/\/www.ginglinger-jean.com\/blog\/nous-decouvrir\/biodynamie\/","title":{"rendered":"Biodynamie"},"content":{"rendered":"<div id=\"pl-252\"  class=\"panel-layout\" ><div id=\"pg-252-0\"  class=\"panel-grid panel-no-style\" ><div id=\"pgc-252-0-0\"  class=\"panel-grid-cell\" ><div id=\"panel-252-0-0-0\" class=\"so-panel widget widget_black-studio-tinymce widget_black_studio_tinymce panel-first-child panel-last-child\" data-index=\"0\" ><div class=\"textwidget\"><p style=\"text-align: justify;\" align=\"justify\"><span style=\"font-family: Arial;\"><strong>Pr\u00e9sents dans l'agriculture \u00e0 PFAFFENHEIM, de g\u00e9n\u00e9ration en g\u00e9n\u00e9ration depuis 1610, la famille GINGLINGER Jean s'est consacr\u00e9e enti\u00e8rement \u00e0 la vigne en 1962. Sur un petit domaine entretenu avec respect d'une viticulture durable et traditionnelle , nous avons franchi un pas en 1998 : la signature d'un engagement de\u00a0<a title=\"Vinification en Biodynamie\" href=\"http:\/\/www.ginglinger-jean.com\/blog\/?p=193\">reconversion biologique.\u00a0<\/a><\/strong><\/span>\n<span style=\"font-family: Arial;\"><strong>Cette p\u00e9riode test de 3 ans a pris fin en Novembre 2001.<\/strong><\/span><\/p>\n<p style=\"text-align: justify;\" align=\"justify\"><img loading=\"lazy\" decoding=\"async\" class=\"aligncenter wp-image-546 size-medium\" src=\"http:\/\/www.ginglinger-jean.com\/blog\/wp-content\/uploads\/2014\/12\/jinglin-infu-300x260.jpg\" alt=\"jinglin infu\" width=\"300\" height=\"260\" srcset=\"https:\/\/www.ginglinger-jean.com\/blog\/wp-content\/uploads\/2014\/12\/jinglin-infu-300x260.jpg 300w, https:\/\/www.ginglinger-jean.com\/blog\/wp-content\/uploads\/2014\/12\/jinglin-infu.jpg 553w\" sizes=\"auto, (max-width: 300px) 100vw, 300px\" \/><\/p>\n<p align=\"justify\"><span style=\"font-family: Arial;\"><strong><img loading=\"lazy\" decoding=\"async\" class=\"aligncenter\" src=\"http:\/\/www.ginglinger-jean.com\/images\/ecocert.gif\" alt=\"\" width=\"85\" height=\"62\" \/><\/strong><\/span><\/p>\n<p style=\"text-align: center;\" align=\"center\"><span style=\"color: #004000; font-family: Arial;\"><small><small><em><strong>Licence ECOCERT -\u00a0 F. 32600 L'ISLE en JOURDAIN<\/strong><\/em><\/small><\/small><\/span><\/p>\n<p align=\"center\"><em><span style=\"font-family: Arial;\"><strong>Aujourd'hui nous sommes fiers de pouvoir vous pr\u00e9senter nos mill\u00e9simes produits \u00e0 partir de raisins issus de l'Agriculture Biodynamique sous licence ECOCERT .<\/strong><\/span><\/em><\/p>\n\n<h3><span style=\"color: #804040;\"><strong><i>Et si on parlait Agriculture Biodynamique ...\u00a0<\/i><\/strong><\/span><\/h3><\/div><\/div><\/div><\/div><div id=\"pg-252-1\"  class=\"panel-grid panel-no-style\" ><div id=\"pgc-252-1-0\"  class=\"panel-grid-cell\" ><div id=\"panel-252-1-0-0\" class=\"so-panel widget widget_black-studio-tinymce widget_black_studio_tinymce panel-first-child panel-last-child\" data-index=\"1\" ><div class=\"textwidget\"><p style=\"text-align: justify;\" align=\"justify\">\u00a0<img loading=\"lazy\" decoding=\"async\" src=\"http:\/\/www.ginglinger-jean.com\/images\/fl_droite.gif\" alt=\"\" width=\"18\" height=\"21\" \/>\u00a0Origines\u00a0de la Biodynamie :<\/p>\n<p align=\"justify\"><strong>La biodynamie a en commun avec l'agriculture biologique de supprimer les pesticides et les engrais chimiques. Mais elle rel\u00e8ve d'une philosophie diff\u00e9rente...<\/strong><\/p>\n<p align=\"justify\"><strong>Propos\u00e9e en 1924 pour r\u00e9pondre aux pr\u00e9occupations des agriculteurs qui voyaient d\u00e9j\u00e0 leur terre en danger, la biodynamie est une m\u00e9thode de culture qui va beaucoup plus loin que d'exclure seulement l'emploi de produits chimiques de synth\u00e8se.<\/strong><\/p>\n<p align=\"justify\"><strong><span style=\"color: #008000;\">En effet, cette m\u00e9thode dont les principes ont \u00e9t\u00e9 d\u00e9finis en 1924 par un Autrichien Rudolf STEINER (1861-1925), pourrait se r\u00e9sumer sommairement dans les trois points suivants :<\/span><\/strong><\/p>\n<p>\u00a0<\/p>\n<p align=\"justify\"><img loading=\"lazy\" decoding=\"async\" src=\"http:\/\/www.ginglinger-jean.com\/images\/puce_rond_jaune.gif\" alt=\"\" width=\"13\" height=\"13\" \/>\u00a0<span style=\"color: #800000;\">la valorisation du sol et de la plante dans son environnement naturel gr\u00e2ce \u00e0 des pr\u00e9parations issues de mati\u00e8res v\u00e9g\u00e9tales, animales et min\u00e9rales. C'est le\u00a0<b>premier principe<\/b>\u00a0: la terre \u00e9tant malade en raisons des nombreuses pollutions, en particulier des traitements chimiques excessifs, il faut dynamiser le sol avec du compost et des pr\u00e9parations d'origines min\u00e9rale, v\u00e9g\u00e9tale et animale, et ainsi rendre la plante de nouveau sensible aux influences de terre et du ciel.<\/span><\/p>\n<p align=\"justify\"><img loading=\"lazy\" decoding=\"async\" src=\"http:\/\/www.ginglinger-jean.com\/images\/puce_rond_jaune.gif\" alt=\"\" width=\"13\" height=\"13\" \/>\u00a0<span style=\"color: #804040;\">L'application de ces pr\u00e9parations \u00e0 des moments pr\u00e9cis dans le cycle de l'ann\u00e9e :\u00a0<span style=\"text-decoration: underline;\"><strong>c'est la partie dynamique<\/strong><\/span>. Elle reconna\u00eet dans la terre, prise au sens large (roche m\u00e8re, terre labourable, environnement a\u00e9rien) un organisme \u00e0 part enti\u00e8re. Ainsi, elle agit comme un m\u00e9decin qui choisirait, pour soigner ses malades, des traitements sp\u00e9cifiques mettant en oeuvre des forces de vie. C'est le second principe : les p\u00e9riodes de travail et d'emploi de ces pr\u00e9parations sont choisies en fonction des saisons, des cycles lunaires, de la position des constellations et du moment de la journ\u00e9e.<\/span><\/p>\n<p><img loading=\"lazy\" decoding=\"async\" src=\"http:\/\/www.ginglinger-jean.com\/images\/puce_rond_jaune.gif\" alt=\"\" width=\"13\" height=\"13\" \/>\u00a0<span style=\"color: #800000;\">Enfin, le travail du sol par labours et griffages.<\/span><\/p>\n<h2 align=\"center\"><span style=\"text-decoration: underline;\"><img loading=\"lazy\" decoding=\"async\" src=\"http:\/\/www.ginglinger-jean.com\/images\/vigne.gif\" alt=\"\" width=\"104\" height=\"31\" \/><\/span><\/h2>\n<h4>\u00a0<\/h4>\n<\/div><\/div><\/div><div id=\"pgc-252-1-1\"  class=\"panel-grid-cell\" ><div id=\"panel-252-1-1-0\" class=\"so-panel widget widget_black-studio-tinymce widget_black_studio_tinymce panel-first-child panel-last-child\" data-index=\"2\" ><div class=\"textwidget\"><p style=\"text-align: justify;\" align=\"justify\"><img loading=\"lazy\" decoding=\"async\" src=\"http:\/\/www.ginglinger-jean.com\/images\/fl_droite.gif\" alt=\"\" width=\"18\" height=\"21\" \/>\u00a0<strong>En viticulture\u00a0:<\/strong><\/p><p style=\"text-align: justify;\"><strong>L<\/strong>e domaine viticole, comme tout autre domaine agricole est consid\u00e9r\u00e9 comme un organisme vivant. Le sol cultiv\u00e9 n'est pas un simple support pour la vigne mais bien un milieu de vie, source d'\u00e9nergie pour la plante tout comme son environnement a\u00e9rien.<\/p><p style=\"text-align: justify;\">Ainsi la vigne, organisme m\u00e9dian, cr\u00e9e et nourrit son terroir dans ce milieu habit\u00e9 et vivant qui entoure la racine. Les \u00e9changes entre la biologie du sol, son syst\u00e8me racinaire et foliaire permettent l'expression du terroir dans les raisins. Les saveurs de ces derniers en seront sublim\u00e9es. (<em>Voir nos s\u00e9lections de terroirs dans les\u00a0<span style=\"text-decoration: underline;\">grands crus<\/span>\u00a0 et les lieux-dits:\u00a0<a href=\"http:\/\/www.ginglinger-jean.com\/steinert.htm\">Steinert<\/a>, Bihl, Lerchenberg, Ruest, Schneckenberg ...<\/em>)<\/p><p align=\"left\"><img loading=\"lazy\" decoding=\"async\" src=\"http:\/\/www.ginglinger-jean.com\/images\/puce_rond_jaune.gif\" alt=\"\" width=\"13\" height=\"13\" \/>\u00a0La pratique de la biodynamie en viticulture doit \u00eatre tr\u00e8s \u00e9labor\u00e9e pour compenser le risque de d\u00e9s\u00e9quilibre d\u00fb \u00e0 cette monoculture.<\/p><p style=\"text-align: justify;\"><span style=\"text-decoration: underline;\"><strong>Les pr\u00e9parations<\/strong>\u00a0<\/span>sont essentielles et proviennent de mati\u00e8res v\u00e9g\u00e9tales, animales et min\u00e9rales transform\u00e9es :<\/p><ul><li style=\"text-align: justify;\"><strong>Compost de bouse MT :<\/strong>\u00a0soutient et renforce le processus de d\u00e9composition de la terre en favorisant la formation du complexe argilohumide. On y trouve un nombre et une vari\u00e9t\u00e9 de bact\u00e9ries consid\u00e9rables.<\/li><li style=\"text-align: justify;\"><strong>pr\u00e9paration 500 :<\/strong>\u00a0(Bouse de corne) Elle agit sur la plante en renfor\u00e7ant la vie souterraine. Les racines se trouvent ainsi allong\u00e9es, plus denses et mieux r\u00e9parties.<\/li><li style=\"text-align: justify;\"><strong>pr\u00e9paration 501 :<\/strong>\u00a0(silice de corne) Elle aide au d\u00e9veloppement des feuilles, \u00e0 l'\u00e9quilibre de la fleur et \u00e0 l'\u00e9nergie n\u00e9cessaire \u00e0 une bonne et belle fructification.<\/li><\/ul><p><strong><span style=\"color: #400000;\">Ces 3 pr\u00e9parations doivent passer par la dynamisation avant l'\u00e9pandage.<\/span><\/strong><\/p><figure style=\"width: 72px\" class=\"wp-caption aligncenter\"><img loading=\"lazy\" decoding=\"async\" src=\"http:\/\/www.ginglinger-jean.com\/images\/TN_ALSACE39V.JPG\" alt=\"Compost \u00e0 base de fumier\" width=\"72\" height=\"96\" \/><figcaption class=\"wp-caption-text\">Compost avant \u00e9pandage<\/figcaption><\/figure><figure style=\"width: 72px\" class=\"wp-caption aligncenter\"><img loading=\"lazy\" decoding=\"async\" src=\"http:\/\/www.ginglinger-jean.com\/images\/TN_ALSACE05V.JPG\" alt=\"Dynamiseur dans la cour de la propri\u00e9t\u00e9\" width=\"72\" height=\"96\" \/><figcaption class=\"wp-caption-text\">Notre dynamiseur<\/figcaption><\/figure><p>\u00a0\u00a0<img loading=\"lazy\" decoding=\"async\" class=\" aligncenter\" src=\"http:\/\/www.ginglinger-jean.com\/images\/vigne.gif\" alt=\"\" width=\"104\" height=\"31\" \/><\/p><p style=\"text-align: justify;\">\u00a0<\/p><p>\u00a0<\/p><\/div><\/div><\/div><div id=\"pgc-252-1-2\"  class=\"panel-grid-cell\" ><div id=\"panel-252-1-2-0\" class=\"so-panel widget widget_black-studio-tinymce widget_black_studio_tinymce panel-first-child panel-last-child\" data-index=\"3\" ><div class=\"textwidget\"><p><span style=\"color: #800000;\"><small><img loading=\"lazy\" decoding=\"async\" src=\"http:\/\/www.ginglinger-jean.com\/images\/TN_ALSACE32H.JPG\" alt=\"Un nid dans les vignes avec ses oisillons\" width=\"128\" height=\"96\" border=\"1\" \/><img loading=\"lazy\" decoding=\"async\" src=\"http:\/\/www.ginglinger-jean.com\/images\/TN_ALSACE69.JPG\" alt=\"Parcelle apr\u00e8s labour\" width=\"72\" height=\"96\" \/><em><img loading=\"lazy\" decoding=\"async\" class=\" alignleft\" src=\"http:\/\/www.ginglinger-jean.com\/images\/TN_ALSACE19H.JPG\" alt=\"Passage de l'ACTISOL (Labour)\" width=\"128\" height=\"96\" border=\"1\" \/><\/em><\/small><\/span><\/p>\n<p style=\"text-align: left;\" align=\"center\"><span style=\"color: #800000;\"><small><em>Binage et Labour<\/em><\/small><\/span><\/p>\n<p style=\"text-align: justify;\" align=\"justify\">Les autres pr\u00e9parations \u00e9labor\u00e9es \u00e0 base de d\u00e9coctions d'Achill\u00e9e, de camomille, d'Ortie, d'\u00e9corce de Ch\u00eane, de pissenlit, ont toutes subies des transformations dues \u00e0 la fermentation en pr\u00e9sence d'organes d'animaux pour certaines. Ceci \u00e9l\u00e8ve leurs propri\u00e9t\u00e9s premi\u00e8res en les transformant en humus aux qualit\u00e9s particuli\u00e8res. Elles sont insdispensables, notamment pour l'ensemencement des composts pour orienter l'\u00e9quilibre et l'harmonie de la plante.<\/p>\n<p style=\"text-align: justify;\"><strong><span style=\"text-decoration: underline;\">Le binage<\/span><\/strong>\u00a0, associ\u00e9 \u00e0 ces pr\u00e9parations, favorise l'installation des processus de vie en travaillant le sol \u00e0 des moments diff\u00e9rents dans l'ann\u00e9e, le mois ou la journ\u00e9e. C'est le vigneron qui d\u00e9cide des binages et des labours en fonction de sa terre.<\/p>\n<p style=\"text-align: justify;\"><strong><span style=\"text-decoration: underline;\">Les autres traitements :<\/span><\/strong>\u00a0Si l'\u00e9quilibre est atteint, la vigne n'appellera pas le parasite (insectes, acariens, crytogames, ...). Il faudra, cependant, avoir recours parfois \u00e0 des traitements pour aider la plante avec des d\u00e9coctions ou des dilutions hom\u00e9opathiques de plantes et, si indispensable, de produits naturels comme la bouillie bordelaise (cuivre) et la fleur de soufre.<\/p>\n<p style=\"text-align: justify;\"><img loading=\"lazy\" decoding=\"async\" src=\"http:\/\/www.ginglinger-jean.com\/images\/puce_rond_jaune.gif\" alt=\"\" width=\"13\" height=\"13\" \/><em><strong>Le but du viticulteur biodynamique au travers de sa culture sp\u00e9cifique de la vigne est de produire un vin de haute qualit\u00e9 avec des caract\u00e9ristiques propres issues des \u00e9l\u00e9ments uniques qui forment le terroir de chaque domaine. Le vin en sera l'expression car ainsi les qualit\u00e9s et les particularit\u00e9s de ce terroir seront respect\u00e9es.<\/strong><\/em><\/p>\n<p style=\"text-align: justify;\"><img loading=\"lazy\" decoding=\"async\" src=\"http:\/\/www.ginglinger-jean.com\/images\/puce_rond_jaune.gif\" alt=\"\" width=\"13\" height=\"13\" \/><em><strong>Au del\u00e0 de la viticulture, ces principes de biodynamie sont appliqu\u00e9s lors de la vinification et l'\u00e9levage de nos produits. Aucun apport ext\u00e9rieur (chaptalisation, ensemencement par levures...) n'est r\u00e9alis\u00e9. Tous nos vins sont conserv\u00e9s sur lie fine (levures indig\u00e8nes) jusqu'\u00e0 leur mise en bouteille pour augmenter finesses d'ar\u00f4me, gras et mati\u00e8re. Seule la \u00a0 quantit\u00e9 minimale d'anhydride sulfureux (SO2) est rajout\u00e9e aux vins pour garantir leur \u00e9quilibre.<\/strong><\/em>\u00a0<\/p>\n<p style=\"text-align: justify;\">Pour approfondir, consultez le site internet de la Maison de la Biodynamie :\u00a0<b><a href=\"http:\/\/www.bio-dynamie.org\/\" target=\"_blank\"><span style=\"color: #808080;\">www.bio-dynamie.org<\/span><\/a><\/b><\/p>\n<\/div><\/div><\/div><\/div><div id=\"pg-252-2\"  class=\"panel-grid panel-no-style\" ><div id=\"pgc-252-2-0\"  class=\"panel-grid-cell\" ><div id=\"panel-252-2-0-0\" class=\"so-panel widget widget_black-studio-tinymce widget_black_studio_tinymce panel-first-child panel-last-child\" data-index=\"4\" ><div class=\"textwidget\"><hr \/>\n<p style=\"text-align: justify;\">\u00a0<\/p>\n<p><img loading=\"lazy\" decoding=\"async\" class=\"aligncenter wp-image-10 size-full\" title=\"domaineginglingerjean\" src=\"http:\/\/www.ginglinger-jean.com\/blog\/wp-content\/uploads\/2009\/03\/domaineginglingerjean.gif\" alt=\"domaineginglingerjean\" width=\"399\" height=\"34\" srcset=\"https:\/\/www.ginglinger-jean.com\/blog\/wp-content\/uploads\/2009\/03\/domaineginglingerjean.gif 399w, https:\/\/www.ginglinger-jean.com\/blog\/wp-content\/uploads\/2009\/03\/domaineginglingerjean-300x25.gif 300w\" sizes=\"auto, (max-width: 399px) 100vw, 399px\" \/><\/p>\n<p style=\"text-align: center;\">[ <span style=\"color: #ff6600;\"><strong><em>L'abus d'alcool est dangereux pour la sant\u00e9, consommez avec mod\u00e9ration.<\/em><\/strong>\u00a0<\/span>]<\/p>\n<\/div><\/div><\/div><\/div><\/div>","protected":false},"excerpt":{"rendered":"<p>Pr\u00e9sents dans l&rsquo;agriculture \u00e0 PFAFFENHEIM, de g\u00e9n\u00e9ration en g\u00e9n\u00e9ration depuis 1610, la famille GINGLINGER Jean s&rsquo;est consacr\u00e9e enti\u00e8rement \u00e0 la vigne en 1962. Sur un petit domaine entretenu avec respect d&rsquo;une viticulture durable et traditionnelle , nous avons franchi un pas en 1998 : la signature d&rsquo;un engagement de\u00a0reconversion biologique.\u00a0 Cette p\u00e9riode test de 3 [&hellip;]<\/p>\n","protected":false},"author":16,"featured_media":706,"parent":111,"menu_order":0,"comment_status":"closed","ping_status":"closed","template":"","meta":{"footnotes":""},"class_list":["post-252","page","type-page","status-publish","has-post-thumbnail","hentry"],"_links":{"self":[{"href":"https:\/\/www.ginglinger-jean.com\/blog\/wp-json\/wp\/v2\/pages\/252","targetHints":{"allow":["GET"]}}],"collection":[{"href":"https:\/\/www.ginglinger-jean.com\/blog\/wp-json\/wp\/v2\/pages"}],"about":[{"href":"https:\/\/www.ginglinger-jean.com\/blog\/wp-json\/wp\/v2\/types\/page"}],"author":[{"embeddable":true,"href":"https:\/\/www.ginglinger-jean.com\/blog\/wp-json\/wp\/v2\/users\/16"}],"replies":[{"embeddable":true,"href":"https:\/\/www.ginglinger-jean.com\/blog\/wp-json\/wp\/v2\/comments?post=252"}],"version-history":[{"count":16,"href":"https:\/\/www.ginglinger-jean.com\/blog\/wp-json\/wp\/v2\/pages\/252\/revisions"}],"predecessor-version":[{"id":1125,"href":"https:\/\/www.ginglinger-jean.com\/blog\/wp-json\/wp\/v2\/pages\/252\/revisions\/1125"}],"up":[{"embeddable":true,"href":"https:\/\/www.ginglinger-jean.com\/blog\/wp-json\/wp\/v2\/pages\/111"}],"wp:featuredmedia":[{"embeddable":true,"href":"https:\/\/www.ginglinger-jean.com\/blog\/wp-json\/wp\/v2\/media\/706"}],"wp:attachment":[{"href":"https:\/\/www.ginglinger-jean.com\/blog\/wp-json\/wp\/v2\/media?parent=252"}],"curies":[{"name":"wp","href":"https:\/\/api.w.org\/{rel}","templated":true}]}}