{"id":11,"date":"2009-03-15T16:12:44","date_gmt":"2009-03-15T15:12:44","guid":{"rendered":"http:\/\/www.ginglinger-jean.com\/blog\/?page_id=11"},"modified":"2025-06-14T13:24:30","modified_gmt":"2025-06-14T12:24:30","slug":"lexploitation","status":"publish","type":"page","link":"https:\/\/www.ginglinger-jean.com\/blog\/lexploitation\/","title":{"rendered":"L&rsquo;exploitation"},"content":{"rendered":"<p style=\"text-align: center;\"><div aria-live=\"polite\" id=\"soliloquy-container-123_1\" class=\"soliloquy-container soliloquy-transition-fade  soliloquy-theme-base\" style=\"max-width:950px;max-height:380px;\"><ul id=\"soliloquy-123_1\" class=\"soliloquy-slider soliloquy-slides soliloquy-wrap soliloquy-clear\"><li aria-hidden=\"true\" class=\"soliloquy-item soliloquy-item-1 soliloquy-image-slide\" draggable=\"false\" style=\"list-style:none\"><img decoding=\"async\" id=\"soliloquy-image-128\" class=\"soliloquy-image soliloquy-image-1\" src=\"https:\/\/www.ginglinger-jean.com\/blog\/wp-content\/uploads\/2014\/05\/P1060101-950x380_c.jpg\" alt=\"P1060101\" \/><\/li><li aria-hidden=\"true\" class=\"soliloquy-item soliloquy-item-2 soliloquy-image-slide\" draggable=\"false\" style=\"list-style:none\"><img decoding=\"async\" id=\"soliloquy-image-124\" class=\"soliloquy-image soliloquy-image-2\" src=\"https:\/\/www.ginglinger-jean.com\/blog\/wp-content\/uploads\/2014\/05\/P1060094-950x380_c.jpg\" alt=\"P1060094\" \/><\/li><li aria-hidden=\"true\" class=\"soliloquy-item soliloquy-item-3 soliloquy-image-slide\" draggable=\"false\" style=\"list-style:none\"><img decoding=\"async\" id=\"soliloquy-image-125\" class=\"soliloquy-image soliloquy-image-3\" src=\"https:\/\/www.ginglinger-jean.com\/blog\/wp-content\/uploads\/2014\/05\/P1060096-950x380_c.jpg\" alt=\"P1060096\" \/><\/li><li aria-hidden=\"true\" class=\"soliloquy-item soliloquy-item-4 soliloquy-image-slide\" draggable=\"false\" style=\"list-style:none\"><img decoding=\"async\" id=\"soliloquy-image-126\" class=\"soliloquy-image soliloquy-image-4\" src=\"https:\/\/www.ginglinger-jean.com\/blog\/wp-content\/uploads\/2014\/05\/P1060097-950x380_c.jpg\" alt=\"P1060097\" \/><\/li><li aria-hidden=\"true\" class=\"soliloquy-item soliloquy-item-5 soliloquy-image-slide\" draggable=\"false\" style=\"list-style:none\"><img decoding=\"async\" id=\"soliloquy-image-127\" class=\"soliloquy-image soliloquy-image-5\" src=\"https:\/\/www.ginglinger-jean.com\/blog\/wp-content\/uploads\/2014\/05\/P1060098-950x380_c.jpg\" alt=\"P1060098\" \/><\/li><li aria-hidden=\"true\" class=\"soliloquy-item soliloquy-item-6 soliloquy-image-slide\" draggable=\"false\" style=\"list-style:none\"><img decoding=\"async\" id=\"soliloquy-image-129\" class=\"soliloquy-image soliloquy-image-6\" src=\"https:\/\/www.ginglinger-jean.com\/blog\/wp-content\/uploads\/2014\/05\/P1060103-950x380_c.jpg\" alt=\"P1060103\" \/><\/li><li aria-hidden=\"true\" class=\"soliloquy-item soliloquy-item-7 soliloquy-image-slide\" draggable=\"false\" style=\"list-style:none\"><img decoding=\"async\" id=\"soliloquy-image-130\" class=\"soliloquy-image soliloquy-image-7\" src=\"https:\/\/www.ginglinger-jean.com\/blog\/wp-content\/uploads\/2014\/05\/P1060106-950x380_c.jpg\" alt=\"P1060106\" \/><\/li><li aria-hidden=\"true\" class=\"soliloquy-item soliloquy-item-8 soliloquy-image-slide\" draggable=\"false\" style=\"list-style:none\"><img decoding=\"async\" id=\"soliloquy-image-131\" class=\"soliloquy-image soliloquy-image-8\" src=\"https:\/\/www.ginglinger-jean.com\/blog\/wp-content\/uploads\/2014\/05\/P1060108-950x380_c.jpg\" alt=\"P1060108\" \/><\/li><\/ul><\/div><noscript><style type=\"text\/css\">#soliloquy-container-123_1{opacity:1}<\/style><\/noscript><\/p>\n<p><img loading=\"lazy\" decoding=\"async\" class=\"alignleft wp-image-32\" style=\"text-align: start; border: 0px; margin: 0px;\" title=\"EARL\" src=\"http:\/\/www.ginglinger-jean.com\/blog\/wp-content\/uploads\/2009\/03\/EARL1.jpg\" alt=\"Photo cour\" width=\"70\" height=\"105\" srcset=\"https:\/\/www.ginglinger-jean.com\/blog\/wp-content\/uploads\/2009\/03\/EARL1.jpg 256w, https:\/\/www.ginglinger-jean.com\/blog\/wp-content\/uploads\/2009\/03\/EARL1-200x300.jpg 200w, https:\/\/www.ginglinger-jean.com\/blog\/wp-content\/uploads\/2009\/03\/EARL1-100x150.jpg 100w\" sizes=\"auto, (max-width: 70px) 100vw, 70px\" \/><\/p>\n<p style=\"text-align: justify;\" align=\"justify\"><span style=\"font-family: arial, helvetica, sans-serif; font-size: 14px;\">C&rsquo;est avec toujours la m\u00eame attention que depuis 1610, notre exploitation familiale <span style=\"color: #800000;\"><strong><em>Domaine GINGLINGER Jean &amp; Fils<\/em><\/strong>,<\/span> apporte le savoir-faire du vigneron pour que vous puissiez, tous les jours, obtenir le meilleur produit sur votre table. Tous nos c\u00e9pages sont plant\u00e9s sur des parcelles entretenues avec un <strong>souci <a title=\"Biodynamie\" href=\"http:\/\/www.ginglinger-jean.com\/blog\/?page_id=252\">biologique<\/a><\/strong> permanent. Le domaine comporte environ 6 Ha de vignes sur le ban de de la commune de Pfaffenheim uniquement. Une grande partie de nos parcelles est situ\u00e9e dans la zone d&rsquo;appellation Grand Cru. Un choix rigoureux des produits utilis\u00e9s, un enherbement des parcelles, des soins attentifs de nos vignes tout au long de l&rsquo;ann\u00e9e, une r\u00e9colte enti\u00e8rement manuelle (raisins tri\u00e9s et s\u00e9lectionn\u00e9s), sont autant de crit\u00e8res de qualit\u00e9 qui nous permettent de r\u00e9colter des raisins sains et prometteurs. Nous apportons ensuite tout notre savoir pour \u00e9lever notre gamme de produits. Richesse de notre terroir, qualit\u00e9 de nos soins, vous garantissent d&rsquo;obtenir des vins d&rsquo;Alsace, o\u00f9 mati\u00e8re, finesse d&rsquo;ar\u00f4mes et<a title=\"Le STEINERT\" href=\"http:\/\/www.ginglinger-jean.com\/blog\/?p=27\"> <strong>typicit\u00e9 de terroir<\/strong> <\/a>se compl\u00e8tent pour votre plaisir.<\/span><\/p>\n<hr style=\"width: 160px;\" width=\"160\" \/>\n<p align=\"justify\"><em><strong>Quelques photos de l&rsquo;exploitation :<\/strong><\/em><\/p>\n<div id='gallery-1' class='gallery galleryid-11 gallery-columns-3 gallery-size-thumbnail'><figure class='gallery-item'>\n\t\t\t<div class='gallery-icon landscape'>\n\t\t\t\t<a href='https:\/\/www.ginglinger-jean.com\/blog\/pfaffenheim\/p1060101\/'><img loading=\"lazy\" decoding=\"async\" width=\"150\" height=\"150\" src=\"https:\/\/www.ginglinger-jean.com\/blog\/wp-content\/uploads\/2013\/08\/P1060101-150x150.jpg\" class=\"attachment-thumbnail size-thumbnail\" alt=\"\" aria-describedby=\"gallery-1-49\" \/><\/a>\n\t\t\t<\/div>\n\t\t\t\t<figcaption class='wp-caption-text gallery-caption' id='gallery-1-49'>\n\t\t\t\tDomaine GINGLINGER Jean\n\t\t\t\t<\/figcaption><\/figure><figure class='gallery-item'>\n\t\t\t<div class='gallery-icon landscape'>\n\t\t\t\t<a href='https:\/\/www.ginglinger-jean.com\/blog\/pfaffenheim\/p1060167\/'><img loading=\"lazy\" decoding=\"async\" width=\"150\" height=\"150\" src=\"https:\/\/www.ginglinger-jean.com\/blog\/wp-content\/uploads\/2013\/08\/P1060167-150x150.jpg\" class=\"attachment-thumbnail size-thumbnail\" alt=\"\" aria-describedby=\"gallery-1-66\" \/><\/a>\n\t\t\t<\/div>\n\t\t\t\t<figcaption class='wp-caption-text gallery-caption' id='gallery-1-66'>\n\t\t\t\tDomaine GINGLINGER Jean &#8211; 6 Rue du Foss\u00e9 68250PFAFFENHEIM\n\t\t\t\t<\/figcaption><\/figure><figure class='gallery-item'>\n\t\t\t<div class='gallery-icon portrait'>\n\t\t\t\t<a href='https:\/\/www.ginglinger-jean.com\/blog\/pfaffenheim\/p1060100\/'><img loading=\"lazy\" decoding=\"async\" width=\"150\" height=\"150\" src=\"https:\/\/www.ginglinger-jean.com\/blog\/wp-content\/uploads\/2013\/08\/P1060100-150x150.jpg\" class=\"attachment-thumbnail size-thumbnail\" alt=\"\" aria-describedby=\"gallery-1-48\" \/><\/a>\n\t\t\t<\/div>\n\t\t\t\t<figcaption class='wp-caption-text gallery-caption' id='gallery-1-48'>\n\t\t\t\tDomaine GINGLINGER Jean\n\t\t\t\t<\/figcaption><\/figure><figure class='gallery-item'>\n\t\t\t<div class='gallery-icon landscape'>\n\t\t\t\t<a href='https:\/\/www.ginglinger-jean.com\/blog\/pfaffenheim\/p1060107\/'><img loading=\"lazy\" decoding=\"async\" width=\"150\" height=\"150\" src=\"https:\/\/www.ginglinger-jean.com\/blog\/wp-content\/uploads\/2013\/08\/P1060107-150x150.jpg\" class=\"attachment-thumbnail size-thumbnail\" alt=\"\" aria-describedby=\"gallery-1-53\" \/><\/a>\n\t\t\t<\/div>\n\t\t\t\t<figcaption class='wp-caption-text gallery-caption' id='gallery-1-53'>\n\t\t\t\tDomaine GINGLINGER Jean &#8211; cour\n\t\t\t\t<\/figcaption><\/figure><figure class='gallery-item'>\n\t\t\t<div class='gallery-icon portrait'>\n\t\t\t\t<a href='https:\/\/www.ginglinger-jean.com\/blog\/pfaffenheim\/p1060106\/'><img loading=\"lazy\" decoding=\"async\" width=\"150\" height=\"150\" src=\"https:\/\/www.ginglinger-jean.com\/blog\/wp-content\/uploads\/2013\/08\/P1060106-150x150.jpg\" class=\"attachment-thumbnail size-thumbnail\" alt=\"\" aria-describedby=\"gallery-1-52\" \/><\/a>\n\t\t\t<\/div>\n\t\t\t\t<figcaption class='wp-caption-text gallery-caption' id='gallery-1-52'>\n\t\t\t\tDomaine GINGLINGER Jean &#8211; Cour\n\t\t\t\t<\/figcaption><\/figure><figure class='gallery-item'>\n\t\t\t<div class='gallery-icon portrait'>\n\t\t\t\t<a href='https:\/\/www.ginglinger-jean.com\/blog\/pfaffenheim\/p1060103\/'><img loading=\"lazy\" decoding=\"async\" width=\"150\" height=\"150\" src=\"https:\/\/www.ginglinger-jean.com\/blog\/wp-content\/uploads\/2013\/08\/P1060103-150x150.jpg\" class=\"attachment-thumbnail size-thumbnail\" alt=\"\" aria-describedby=\"gallery-1-50\" \/><\/a>\n\t\t\t<\/div>\n\t\t\t\t<figcaption class='wp-caption-text gallery-caption' id='gallery-1-50'>\n\t\t\t\tDomaine GINGLINGER Jean &#8211; cour\n\t\t\t\t<\/figcaption><\/figure>\n\t\t<\/div>\n\n<p style=\"text-align: center;\"><span style=\"color: #444444;\">D&rsquo;autres photos de l&rsquo;exploitation et de Pfaffenheim<\/span><\/p>\n<p style=\"text-align: center;\"><span style=\"color: #444444;\"><div class=\"gmedia_gallery photobox_module is_bot\" id=\"GmediaGallery_23\" data-gmid=\"23\" data-module=\"photobox\"><style class='gmedia_module_style_import'>@import url('https:\/\/www.ginglinger-jean.com\/blog\/wp-content\/grand-media\/module\/photobox\/css\/photobox.css?v=1.05') all;<\/style><div class=\"gmPhotoBox_Container\"><pre style=\"display:none\"><script type=\"text\/javascript\">\r\n      document.addEventListener('DOMContentLoaded', function(){\r\n\t\tjQuery(function(){\r\n\t\t\tvar data = {\"autoplay\":\"1\",\"title\":\"0\",\"caption\":\"0\",\"ID\":23,\"name\":\"Domaine\",\"moduleUrl\":\"https:\\\/\\\/www.ginglinger-jean.com\\\/blog\\\/wp-content\\\/grand-media\\\/module\\\/photobox\",\"pluginUrl\":\"https:\\\/\\\/www.ginglinger-jean.com\\\/blog\\\/wp-content\\\/plugins\\\/grand-media\",\"libraryUrl\":\"https:\\\/\\\/www.ginglinger-jean.com\\\/blog\\\/wp-content\\\/grand-media\",\"key\":\"\"};\r\n\t\t\tdata.content = [{\"id\":\"514\",\"image\":\"\\\/image\\\/ab2.gif\",\"thumb\":\"\\\/image\\\/thumb\\\/ab2.gif\",\"title\":\"LOGO ab\",\"alt\":\"LOGO ab\",\"text\":\"\",\"media\":\"\",\"link\":\"\",\"linkTarget\":\"_self\"},{\"id\":\"513\",\"image\":\"\\\/image\\\/P10601172.jpg\",\"thumb\":\"\\\/image\\\/thumb\\\/P10601172.jpg\",\"title\":\"P1060117\",\"alt\":\"P1060117\",\"text\":\"\",\"media\":\"\",\"link\":\"\",\"linkTarget\":\"_self\"},{\"id\":\"512\",\"image\":\"\\\/image\\\/P1060100.jpg\",\"thumb\":\"\\\/image\\\/thumb\\\/P1060100.jpg\",\"title\":\"P1060100\",\"alt\":\"P1060100\",\"text\":\"\",\"media\":\"\",\"link\":\"\",\"linkTarget\":\"_self\"},{\"id\":\"511\",\"image\":\"\\\/image\\\/P1060101_1.jpg\",\"thumb\":\"\\\/image\\\/thumb\\\/P1060101_1.jpg\",\"title\":\"P1060101\",\"alt\":\"P1060101\",\"text\":\"\",\"media\":\"\",\"link\":\"\",\"linkTarget\":\"_self\"},{\"id\":\"510\",\"image\":\"\\\/image\\\/P1060103_1.jpg\",\"thumb\":\"\\\/image\\\/thumb\\\/P1060103_1.jpg\",\"title\":\"P1060103\",\"alt\":\"P1060103\",\"text\":\"\",\"media\":\"\",\"link\":\"\",\"linkTarget\":\"_self\"},{\"id\":\"509\",\"image\":\"\\\/image\\\/P1060105.jpg\",\"thumb\":\"\\\/image\\\/thumb\\\/P1060105.jpg\",\"title\":\"P1060105\",\"alt\":\"P1060105\",\"text\":\"\",\"media\":\"\",\"link\":\"\",\"linkTarget\":\"_self\"},{\"id\":\"508\",\"image\":\"\\\/image\\\/P1060106_1.jpg\",\"thumb\":\"\\\/image\\\/thumb\\\/P1060106_1.jpg\",\"title\":\"P1060106\",\"alt\":\"P1060106\",\"text\":\"\",\"media\":\"\",\"link\":\"\",\"linkTarget\":\"_self\"},{\"id\":\"507\",\"image\":\"\\\/image\\\/P1060107.jpg\",\"thumb\":\"\\\/image\\\/thumb\\\/P1060107.jpg\",\"title\":\"P1060107\",\"alt\":\"P1060107\",\"text\":\"\",\"media\":\"\",\"link\":\"\",\"linkTarget\":\"_self\"},{\"id\":\"506\",\"image\":\"\\\/image\\\/P10601173.jpg\",\"thumb\":\"\\\/image\\\/thumb\\\/P10601173.jpg\",\"title\":\"P1060117\",\"alt\":\"P1060117\",\"text\":\"\",\"media\":\"\",\"link\":\"\",\"linkTarget\":\"_self\"},{\"id\":\"505\",\"image\":\"\\\/image\\\/P1060120.jpg\",\"thumb\":\"\\\/image\\\/thumb\\\/P1060120.jpg\",\"title\":\"P1060120\",\"alt\":\"P1060120\",\"text\":\"\",\"media\":\"\",\"link\":\"\",\"linkTarget\":\"_self\"},{\"id\":\"504\",\"image\":\"\\\/image\\\/P1060121.jpg\",\"thumb\":\"\\\/image\\\/thumb\\\/P1060121.jpg\",\"title\":\"P1060121\",\"alt\":\"P1060121\",\"text\":\"\",\"media\":\"\",\"link\":\"\",\"linkTarget\":\"_self\"},{\"id\":\"503\",\"image\":\"\\\/image\\\/P1060146.jpg\",\"thumb\":\"\\\/image\\\/thumb\\\/P1060146.jpg\",\"title\":\"P1060146\",\"alt\":\"P1060146\",\"text\":\"\",\"media\":\"\",\"link\":\"\",\"linkTarget\":\"_self\"},{\"id\":\"502\",\"image\":\"\\\/image\\\/P1060167.jpg\",\"thumb\":\"\\\/image\\\/thumb\\\/P1060167.jpg\",\"title\":\"P1060167\",\"alt\":\"P1060167\",\"text\":\"\",\"media\":\"\",\"link\":\"\",\"linkTarget\":\"_self\"},{\"id\":\"501\",\"image\":\"\\\/image\\\/P1060094.jpg\",\"thumb\":\"\\\/image\\\/thumb\\\/P1060094.jpg\",\"title\":\"P1060094\",\"alt\":\"P1060094\",\"text\":\"\",\"media\":\"\",\"link\":\"\",\"linkTarget\":\"_self\"},{\"id\":\"500\",\"image\":\"\\\/image\\\/P1060096.jpg\",\"thumb\":\"\\\/image\\\/thumb\\\/P1060096.jpg\",\"title\":\"P1060096\",\"alt\":\"P1060096\",\"text\":\"\",\"media\":\"\",\"link\":\"\",\"linkTarget\":\"_self\"},{\"id\":\"499\",\"image\":\"\\\/image\\\/P1060097.jpg\",\"thumb\":\"\\\/image\\\/thumb\\\/P1060097.jpg\",\"title\":\"P1060097\",\"alt\":\"P1060097\",\"text\":\"\",\"media\":\"\",\"link\":\"\",\"linkTarget\":\"_self\"},{\"id\":\"498\",\"image\":\"\\\/image\\\/P1060098.jpg\",\"thumb\":\"\\\/image\\\/thumb\\\/P1060098.jpg\",\"title\":\"P1060098\",\"alt\":\"P1060098\",\"text\":\"\",\"media\":\"\",\"link\":\"\",\"linkTarget\":\"_self\"},{\"id\":\"497\",\"image\":\"\\\/image\\\/P1060101.jpg\",\"thumb\":\"\\\/image\\\/thumb\\\/P1060101.jpg\",\"title\":\"P1060101\",\"alt\":\"P1060101\",\"text\":\"\",\"media\":\"\",\"link\":\"\",\"linkTarget\":\"_self\"},{\"id\":\"496\",\"image\":\"\\\/image\\\/P1060103.jpg\",\"thumb\":\"\\\/image\\\/thumb\\\/P1060103.jpg\",\"title\":\"P1060103\",\"alt\":\"P1060103\",\"text\":\"\",\"media\":\"\",\"link\":\"\",\"linkTarget\":\"_self\"},{\"id\":\"495\",\"image\":\"\\\/image\\\/P1060106.jpg\",\"thumb\":\"\\\/image\\\/thumb\\\/P1060106.jpg\",\"title\":\"P1060106\",\"alt\":\"P1060106\",\"text\":\"\",\"media\":\"\",\"link\":\"\",\"linkTarget\":\"_self\"},{\"id\":\"494\",\"image\":\"\\\/image\\\/P1060108.jpg\",\"thumb\":\"\\\/image\\\/thumb\\\/P1060108.jpg\",\"title\":\"P1060108\",\"alt\":\"P1060108\",\"text\":\"\",\"media\":\"\",\"link\":\"\",\"linkTarget\":\"_self\"},{\"id\":\"493\",\"image\":\"\\\/image\\\/facade_fusainNB.jpg\",\"thumb\":\"\\\/image\\\/thumb\\\/facade_fusainNB.jpg\",\"title\":\"facade_fusainNB\",\"alt\":\"facade_fusainNB\",\"text\":\"\",\"media\":\"\",\"link\":\"\",\"linkTarget\":\"_self\"},{\"id\":\"492\",\"image\":\"\\\/image\\\/P1060695.jpg\",\"thumb\":\"\\\/image\\\/thumb\\\/P1060695.jpg\",\"title\":\"P1060695\",\"alt\":\"P1060695\",\"text\":\"\",\"media\":\"\",\"link\":\"\",\"linkTarget\":\"_self\"},{\"id\":\"491\",\"image\":\"\\\/image\\\/P1060683_1.jpg\",\"thumb\":\"\\\/image\\\/thumb\\\/P1060683_1.jpg\",\"title\":\"P1060683\",\"alt\":\"P1060683\",\"text\":\"\",\"media\":\"\",\"link\":\"\",\"linkTarget\":\"_self\"},{\"id\":\"490\",\"image\":\"\\\/image\\\/P1060693_1.jpg\",\"thumb\":\"\\\/image\\\/thumb\\\/P1060693_1.jpg\",\"title\":\"P1060693\",\"alt\":\"P1060693\",\"text\":\"\",\"media\":\"\",\"link\":\"\",\"linkTarget\":\"_self\"},{\"id\":\"489\",\"image\":\"\\\/image\\\/P1060694_1.jpg\",\"thumb\":\"\\\/image\\\/thumb\\\/P1060694_1.jpg\",\"title\":\"P1060694\",\"alt\":\"P1060694\",\"text\":\"\",\"media\":\"\",\"link\":\"\",\"linkTarget\":\"_self\"}];\r\n\t\t\tjQuery('#GmediaGallery_23 .gmPhotoBox_Container').photobox('a', data);\r\n\t\t});\r\n      });\r\n\t<\/script><\/pre>\t\t<noscript><a href='\/image\/ab2.gif'><img class=\"noLazy\" src='\/image\/thumb\/ab2.gif' alt='LOGO ab' \/><\/a><a href='\/image\/P10601172.jpg'><img class=\"noLazy\" src='\/image\/thumb\/P10601172.jpg' alt='P1060117' \/><\/a><a href='\/image\/P1060100.jpg'><img class=\"noLazy\" src='\/image\/thumb\/P1060100.jpg' alt='P1060100' \/><\/a><a href='\/image\/P1060101_1.jpg'><img class=\"noLazy\" src='\/image\/thumb\/P1060101_1.jpg' alt='P1060101' \/><\/a><a href='\/image\/P1060103_1.jpg'><img class=\"noLazy\" src='\/image\/thumb\/P1060103_1.jpg' alt='P1060103' \/><\/a><a href='\/image\/P1060105.jpg'><img class=\"noLazy\" src='\/image\/thumb\/P1060105.jpg' alt='P1060105' \/><\/a><a href='\/image\/P1060106_1.jpg'><img class=\"noLazy\" src='\/image\/thumb\/P1060106_1.jpg' alt='P1060106' \/><\/a><a href='\/image\/P1060107.jpg'><img class=\"noLazy\" src='\/image\/thumb\/P1060107.jpg' alt='P1060107' \/><\/a><a href='\/image\/P10601173.jpg'><img class=\"noLazy\" src='\/image\/thumb\/P10601173.jpg' alt='P1060117' \/><\/a><a href='\/image\/P1060120.jpg'><img class=\"noLazy\" src='\/image\/thumb\/P1060120.jpg' alt='P1060120' \/><\/a><a href='\/image\/P1060121.jpg'><img class=\"noLazy\" src='\/image\/thumb\/P1060121.jpg' alt='P1060121' \/><\/a><a href='\/image\/P1060146.jpg'><img class=\"noLazy\" src='\/image\/thumb\/P1060146.jpg' alt='P1060146' \/><\/a><a href='\/image\/P1060167.jpg'><img class=\"noLazy\" src='\/image\/thumb\/P1060167.jpg' alt='P1060167' \/><\/a><a href='\/image\/P1060094.jpg'><img class=\"noLazy\" src='\/image\/thumb\/P1060094.jpg' alt='P1060094' \/><\/a><a href='\/image\/P1060096.jpg'><img class=\"noLazy\" src='\/image\/thumb\/P1060096.jpg' alt='P1060096' \/><\/a><a href='\/image\/P1060097.jpg'><img class=\"noLazy\" src='\/image\/thumb\/P1060097.jpg' alt='P1060097' \/><\/a><a href='\/image\/P1060098.jpg'><img class=\"noLazy\" src='\/image\/thumb\/P1060098.jpg' alt='P1060098' \/><\/a><a href='\/image\/P1060101.jpg'><img class=\"noLazy\" src='\/image\/thumb\/P1060101.jpg' alt='P1060101' \/><\/a><a href='\/image\/P1060103.jpg'><img class=\"noLazy\" src='\/image\/thumb\/P1060103.jpg' alt='P1060103' \/><\/a><a href='\/image\/P1060106.jpg'><img class=\"noLazy\" src='\/image\/thumb\/P1060106.jpg' alt='P1060106' \/><\/a><a href='\/image\/P1060108.jpg'><img class=\"noLazy\" src='\/image\/thumb\/P1060108.jpg' alt='P1060108' \/><\/a><a href='\/image\/facade_fusainNB.jpg'><img class=\"noLazy\" src='\/image\/thumb\/facade_fusainNB.jpg' alt='facade_fusainNB' \/><\/a><a href='\/image\/P1060695.jpg'><img class=\"noLazy\" src='\/image\/thumb\/P1060695.jpg' alt='P1060695' \/><\/a><a href='\/image\/P1060683_1.jpg'><img class=\"noLazy\" src='\/image\/thumb\/P1060683_1.jpg' alt='P1060683' \/><\/a><a href='\/image\/P1060693_1.jpg'><img class=\"noLazy\" src='\/image\/thumb\/P1060693_1.jpg' alt='P1060693' \/><\/a><a href='\/image\/P1060694_1.jpg'><img class=\"noLazy\" src='\/image\/thumb\/P1060694_1.jpg' alt='P1060694' \/><\/a><\/noscript>\r\n\t<a class='gmlove' target='_blank' href='http:\/\/bit.ly\/2snVAca'>Trial version - Get License<\/a><\/div><\/div><\/span><\/p>\n<p style=\"text-align: center;\"><strong style=\"color: #ff9933;\">..:\u00a0<em>\u00a0<\/em>:..<\/strong><\/p>\n<p style=\"text-align: center;\"><img loading=\"lazy\" decoding=\"async\" class=\"aligncenter wp-image-10 size-full\" title=\"domaineginglingerjean\" src=\"http:\/\/www.ginglinger-jean.com\/blog\/wp-content\/uploads\/2009\/03\/domaineginglingerjean.gif\" alt=\"domaineginglingerjean\" width=\"399\" height=\"34\" srcset=\"https:\/\/www.ginglinger-jean.com\/blog\/wp-content\/uploads\/2009\/03\/domaineginglingerjean.gif 399w, https:\/\/www.ginglinger-jean.com\/blog\/wp-content\/uploads\/2009\/03\/domaineginglingerjean-300x25.gif 300w\" sizes=\"auto, (max-width: 399px) 100vw, 399px\" \/><\/p>\n<p style=\"text-align: center;\"><span style=\"color: #800000;\">[ <strong style=\"color: #ff9933;\"><em>L&rsquo;abus d&rsquo;alcool est dangereux pour la sant\u00e9, consommez avec mod\u00e9ration<\/em><\/strong>\u00a0]<\/span><\/p>\n","protected":false},"excerpt":{"rendered":"<p>C&rsquo;est avec toujours la m\u00eame attention que depuis 1610, notre exploitation familiale Domaine GINGLINGER Jean &amp; Fils, apporte le savoir-faire du vigneron pour que vous puissiez, tous les jours, obtenir le meilleur produit sur votre table. Tous nos c\u00e9pages sont plant\u00e9s sur des parcelles entretenues avec un souci biologique permanent. Le domaine comporte environ 6 [&hellip;]<\/p>\n","protected":false},"author":16,"featured_media":0,"parent":0,"menu_order":0,"comment_status":"closed","ping_status":"closed","template":"","meta":{"footnotes":""},"class_list":["post-11","page","type-page","status-publish","hentry"],"_links":{"self":[{"href":"https:\/\/www.ginglinger-jean.com\/blog\/wp-json\/wp\/v2\/pages\/11","targetHints":{"allow":["GET"]}}],"collection":[{"href":"https:\/\/www.ginglinger-jean.com\/blog\/wp-json\/wp\/v2\/pages"}],"about":[{"href":"https:\/\/www.ginglinger-jean.com\/blog\/wp-json\/wp\/v2\/types\/page"}],"author":[{"embeddable":true,"href":"https:\/\/www.ginglinger-jean.com\/blog\/wp-json\/wp\/v2\/users\/16"}],"replies":[{"embeddable":true,"href":"https:\/\/www.ginglinger-jean.com\/blog\/wp-json\/wp\/v2\/comments?post=11"}],"version-history":[{"count":27,"href":"https:\/\/www.ginglinger-jean.com\/blog\/wp-json\/wp\/v2\/pages\/11\/revisions"}],"predecessor-version":[{"id":1123,"href":"https:\/\/www.ginglinger-jean.com\/blog\/wp-json\/wp\/v2\/pages\/11\/revisions\/1123"}],"wp:attachment":[{"href":"https:\/\/www.ginglinger-jean.com\/blog\/wp-json\/wp\/v2\/media?parent=11"}],"curies":[{"name":"wp","href":"https:\/\/api.w.org\/{rel}","templated":true}]}}